{"id":59,"date":"2022-02-09T18:14:47","date_gmt":"2022-02-09T18:14:47","guid":{"rendered":"https:\/\/nobelum.ch\/?page_id=59"},"modified":"2023-01-06T21:24:12","modified_gmt":"2023-01-06T21:24:12","slug":"about","status":"publish","type":"page","link":"https:\/\/nobelum.ch\/index.php\/about\/","title":{"rendered":"About us"},"content":{"rendered":"<p><span style=\"font-family: tahoma, arial, helvetica, sans-serif; font-size: 14pt;\"><strong>Nobelum<\/strong>, c&rsquo;est<\/span><\/p>\n<ul>\n<li><span style=\"font-family: tahoma, arial, helvetica, sans-serif; font-size: 14pt;\">Bocky \u00e0 la <strong>voix<\/strong><\/span><\/li>\n<li><span style=\"font-family: tahoma, arial, helvetica, sans-serif; font-size: 14pt;\">Raphy \u00e0 la <strong>batterie<\/strong><\/span><\/li>\n<li><span style=\"font-family: tahoma, arial, helvetica, sans-serif; font-size: 14pt;\">Manu \u00e0 la <strong>basse<\/strong><\/span><\/li>\n<li><span style=\"font-family: tahoma, arial, helvetica, sans-serif; font-size: 14pt;\">Laurent \u00e0 la <strong>guitare<\/strong> <strong>lead<\/strong><\/span><\/li>\n<li><span style=\"font-family: tahoma, arial, helvetica, sans-serif; font-size: 14pt;\">Romain \u00e0 la <strong>guitare<\/strong><\/span><\/li>\n<\/ul>\n<p><span style=\"font-family: tahoma, arial, helvetica, sans-serif; font-size: 14pt;\">Pour tout contact, envoyer un mail \u00e0 <span style=\"color: #ff9900;\">contact(at)nobelum.ch<\/span><\/span><\/p>\n<p>&nbsp;<\/p>\n<hr>\n<p><span style=\"text-decoration: underline; font-size: 14pt; font-family: tahoma, arial, helvetica, sans-serif;\"><strong>Pour les concerts:<\/strong><\/span><\/p>\n<p><span style=\"font-size: 14pt; font-family: tahoma, arial, helvetica, sans-serif;\">Nous venons avec&nbsp;:<\/span><\/p>\n<ul>\n<li><span style=\"font-size: 14pt; font-family: tahoma, arial, helvetica, sans-serif;\">Micro chant avec pied<\/span><\/li>\n<li><span style=\"font-size: 14pt; font-family: tahoma, arial, helvetica, sans-serif;\">Bo\u00eete d\u2019effets<\/span><\/li>\n<li><span style=\"font-size: 14pt; font-family: tahoma, arial, helvetica, sans-serif;\">Amplis guitare +&nbsp;p\u00e9daliers<\/span><\/li>\n<li><span style=\"font-size: 14pt; font-family: tahoma, arial, helvetica, sans-serif;\">Ampli basse + p\u00e9dalier <\/span><\/li>\n<li><span style=\"font-size: 14pt; font-family: tahoma, arial, helvetica, sans-serif;\">Batterie compl\u00e8te<\/span><\/li>\n<\/ul>\n<p><span style=\"font-size: 14pt; color: #ff9900;\"><em><span style=\"font-family: tahoma, arial, helvetica, sans-serif;\"><span style=\"color: #ff6600;\">Mat\u00e9riel \u00e0 fournir (dans l&rsquo;id\u00e9al):<\/span> <\/span><\/em><\/span><\/p>\n<ul>\n<li><span style=\"font-size: 14pt; color: #ff9900;\"><em><span style=\"font-family: tahoma, arial, helvetica, sans-serif;\">4 retours de sc\u00e8ne<\/span><\/em><\/span><\/li>\n<li><span style=\"font-size: 14pt; color: #ff9900;\"><em><span style=\"font-family: tahoma, arial, helvetica, sans-serif;\">Sonorisation batterie<\/span><\/em><\/span><\/li>\n<li><span style=\"font-size: 14pt; color: #ff9900;\"><em><span style=\"font-family: tahoma, arial, helvetica, sans-serif;\">c\u00e2bles<\/span><\/em><\/span><\/li>\n<li><span style=\"font-size: 14pt; color: #ff9900;\"><em><span style=\"font-family: tahoma, arial, helvetica, sans-serif;\">sous-check (env. 20 min) avec ing\u00e9nieur de son<\/span><\/em><\/span><\/li>\n<\/ul>\n","protected":false},"excerpt":{"rendered":"<p>Nobelum, c&rsquo;est Bocky \u00e0 la voix Raphy \u00e0 la batterie Manu \u00e0 la basse Laurent \u00e0 la guitare lead Romain \u00e0 la guitare Pour tout contact, envoyer un mail \u00e0 contact(at)nobelum.ch &nbsp; Pour les concerts: Nous venons avec&nbsp;: Micro chant avec pied Bo\u00eete d\u2019effets Amplis guitare +&nbsp;p\u00e9daliers Ampli basse + p\u00e9dalier Batterie compl\u00e8te Mat\u00e9riel \u00e0 [&hellip;]<\/p>\n","protected":false},"author":1,"featured_media":0,"parent":0,"menu_order":0,"comment_status":"closed","ping_status":"closed","template":"page-no-separators","meta":{"ngg_post_thumbnail":0,"footnotes":""},"class_list":["post-59","page","type-page","status-publish","hentry"],"_links":{"self":[{"href":"https:\/\/nobelum.ch\/index.php\/wp-json\/wp\/v2\/pages\/59","targetHints":{"allow":["GET"]}}],"collection":[{"href":"https:\/\/nobelum.ch\/index.php\/wp-json\/wp\/v2\/pages"}],"about":[{"href":"https:\/\/nobelum.ch\/index.php\/wp-json\/wp\/v2\/types\/page"}],"author":[{"embeddable":true,"href":"https:\/\/nobelum.ch\/index.php\/wp-json\/wp\/v2\/users\/1"}],"replies":[{"embeddable":true,"href":"https:\/\/nobelum.ch\/index.php\/wp-json\/wp\/v2\/comments?post=59"}],"version-history":[{"count":19,"href":"https:\/\/nobelum.ch\/index.php\/wp-json\/wp\/v2\/pages\/59\/revisions"}],"predecessor-version":[{"id":155,"href":"https:\/\/nobelum.ch\/index.php\/wp-json\/wp\/v2\/pages\/59\/revisions\/155"}],"wp:attachment":[{"href":"https:\/\/nobelum.ch\/index.php\/wp-json\/wp\/v2\/media?parent=59"}],"curies":[{"name":"wp","href":"https:\/\/api.w.org\/{rel}","templated":true}]}}